{"id":385,"date":"2018-06-19T10:44:17","date_gmt":"2018-06-19T09:44:17","guid":{"rendered":"https:\/\/betulamne.com\/about-us\/"},"modified":"2023-10-26T01:16:57","modified_gmt":"2023-10-26T00:16:57","slug":"about-us","status":"publish","type":"page","link":"https:\/\/betulamne.com\/sr\/about-us\/","title":{"rendered":"O Nama"},"content":{"rendered":"<div data-elementor-type=\"wp-page\" data-elementor-id=\"385\" class=\"elementor elementor-385\" data-elementor-post-type=\"page\">\n\t\t\t\t\t\t<section class=\"elementor-section elementor-top-section elementor-element elementor-element-7c89838d elementor-section-stretched elementor-section-height-min-height elementor-section-boxed elementor-section-height-default elementor-section-items-middle\" data-id=\"7c89838d\" data-element_type=\"section\" data-settings=\"{&quot;stretch_section&quot;:&quot;section-stretched&quot;,&quot;background_background&quot;:&quot;classic&quot;}\">\n\t\t\t\t\t\t<div class=\"elementor-container elementor-column-gap-default\">\n\t\t\t\t\t<div class=\"aux-parallax-section elementor-column elementor-col-100 elementor-top-column elementor-element elementor-element-51ad86fa aux-appear-watch-animation aux-fade-in-right\" data-id=\"51ad86fa\" data-element_type=\"column\">\n\t\t\t<div class=\"elementor-widget-wrap elementor-element-populated\">\n\t\t\t\t\t\t<div class=\"elementor-element elementor-element-65ae90d0 elementor-widget elementor-widget-aux_modern_heading\" data-id=\"65ae90d0\" data-element_type=\"widget\" data-widget_type=\"aux_modern_heading.default\">\n\t\t\t\t<div class=\"elementor-widget-container\">\n\t\t\t\t\t<section class=\"aux-widget-modern-heading\">\n            <div class=\"aux-widget-inner\"><h2 class=\"aux-modern-heading-primary\">O Nama<\/h2><\/div>\n        <\/section>\t\t\t\t<\/div>\n\t\t\t\t<\/div>\n\t\t\t\t<div class=\"elementor-element elementor-element-8b41f70 elementor-widget elementor-widget-aux_breadcrumbs\" data-id=\"8b41f70\" data-element_type=\"widget\" data-widget_type=\"aux_breadcrumbs.default\">\n\t\t\t\t<div class=\"elementor-widget-container\">\n\t\t\t\t\t<div class=\"aux-elementor-breadcrumbs\"><p class=\"aux-breadcrumbs\"><span><span><a href=\"https:\/\/betulamne.com\/sr\/\">Dom<\/a><\/span><\/span><\/p><\/div>\t\t\t\t<\/div>\n\t\t\t\t<\/div>\n\t\t\t\t\t<\/div>\n\t\t<\/div>\n\t\t\t\t\t<\/div>\n\t\t<\/section>\n\t\t\t\t<section class=\"elementor-section elementor-top-section elementor-element elementor-element-ca2a472 elementor-section-content-middle elementor-section-boxed elementor-section-height-default elementor-section-height-default\" data-id=\"ca2a472\" data-element_type=\"section\">\n\t\t\t\t\t\t<div class=\"elementor-container elementor-column-gap-default\">\n\t\t\t\t\t<div class=\"aux-parallax-section elementor-column elementor-col-50 elementor-top-column elementor-element elementor-element-2ce959dd\" data-id=\"2ce959dd\" data-element_type=\"column\">\n\t\t\t<div class=\"elementor-widget-wrap elementor-element-populated\">\n\t\t\t\t\t\t<div class=\"elementor-element elementor-element-49d9de1 aux-appear-watch-animation aux-fade-in-up elementor-widget elementor-widget-aux_modern_heading\" data-id=\"49d9de1\" data-element_type=\"widget\" data-widget_type=\"aux_modern_heading.default\">\n\t\t\t\t<div class=\"elementor-widget-container\">\n\t\t\t\t\t<section class=\"aux-widget-modern-heading\">\n            <div class=\"aux-widget-inner\"><h2 class=\"aux-modern-heading-primary\">O NAMA<\/h2><h3 class=\"aux-modern-heading-secondary\"><span class=\"aux-head-before\">Inovacija Po Meri<\/span><\/h3><div class=\"aux-modern-heading-divider\"><\/div><div class=\"aux-modern-heading-description\"><p>Betula MNE je specijalizovana za projektovanje ku\u0107a, kancelarija i tr\u017enih centara. Na\u0161 tim je posve\u0107en pru\u017eanju najboljih rje\u0161enja za svakog pojedina\u010dnog klijenta uz najvi\u0161i nivo usluge i kvaliteta.<\/p><p>Na\u0161im klijentima nudimo usluge arhitektonskog projektovanja, upravljanja, konsaltinga, ure\u0111enja zemlji\u0161ta i tehni\u010dkog izvo\u0111enja.<\/p><p>Od tr\u017enih centara do stanovanja, pejza\u017enog dizajna do tehni\u010dkog savjetovanja, kontaktirajte Betula MNE za rje\u0161enje po mjeri.<\/p><\/div><\/div>\n        <\/section>\t\t\t\t<\/div>\n\t\t\t\t<\/div>\n\t\t\t\t\t<\/div>\n\t\t<\/div>\n\t\t\t\t<div class=\"aux-parallax-section elementor-column elementor-col-50 elementor-top-column elementor-element elementor-element-1d8d0f19 aux-appear-watch-animation aux-scale-down\" data-id=\"1d8d0f19\" data-element_type=\"column\">\n\t\t\t<div class=\"elementor-widget-wrap elementor-element-populated\">\n\t\t\t\t\t\t<div class=\"elementor-element elementor-element-2d5cedba elementor-widget elementor-widget-aux_image\" data-id=\"2d5cedba\" data-element_type=\"widget\" data-widget_type=\"aux_image.default\">\n\t\t\t\t<div class=\"elementor-widget-container\">\n\t\t\t\t\t<section class=\"widget-container aux-widget-image aux-alignnone aux-parent-au8816be76\">\n    <div class=\"aux-media-hint-frame\">\n        <div class=\"aux-media-image\" >\n        \n            \n\n            \n            <img fetchpriority=\"high\" decoding=\"async\" width=\"784\" height=\"700\" src=\"data:image\/gif;base64,R0lGODlhAQABAIAAAAAAAP\/\/\/yH5BAEAAAAALAAAAAABAAEAAAIBRAA7\" class=\"aux-attachment aux-featured-image aux-attachment-id-228 aux-preload aux-blank\" alt=\"Betula MNE\" data-ratio=\"1.12\" data-original-w=\"1024\" sizes=\"auto\" data-srcset=\"https:\/\/betulamne.com\/wp-content\/uploads\/2021\/10\/about2-150x134.jpg 150w,https:\/\/betulamne.com\/wp-content\/uploads\/2021\/10\/about2-300x268.jpg 300w,https:\/\/betulamne.com\/wp-content\/uploads\/2021\/10\/about2-768x686.jpg 768w,https:\/\/betulamne.com\/wp-content\/uploads\/2021\/10\/about2-784x700.jpg 784w\" data-src=\"https:\/\/betulamne.com\/wp-content\/uploads\/2021\/10\/about2-784x700.jpg\" \/>            \n                <\/div>\n    <\/div>\n\n<\/section><!-- widget-container -->\t\t\t\t<\/div>\n\t\t\t\t<\/div>\n\t\t\t\t\t<\/div>\n\t\t<\/div>\n\t\t\t\t\t<\/div>\n\t\t<\/section>\n\t\t\t\t<section class=\"elementor-section elementor-top-section elementor-element elementor-element-561c777c elementor-section-boxed elementor-section-height-default elementor-section-height-default\" data-id=\"561c777c\" data-element_type=\"section\">\n\t\t\t\t\t\t<div class=\"elementor-container elementor-column-gap-default\">\n\t\t\t\t\t<div class=\"aux-parallax-section elementor-column elementor-col-100 elementor-top-column elementor-element elementor-element-74dd3d00\" data-id=\"74dd3d00\" data-element_type=\"column\" data-settings=\"{&quot;background_background&quot;:&quot;classic&quot;}\">\n\t\t\t<div class=\"elementor-widget-wrap elementor-element-populated\">\n\t\t\t\t\t<div class=\"elementor-background-overlay\"><\/div>\n\t\t\t\t\t\t<div class=\"elementor-element elementor-element-b236b17 aux-appear-watch-animation aux-scale-down elementor-widget elementor-widget-aux_modern_heading\" data-id=\"b236b17\" data-element_type=\"widget\" data-widget_type=\"aux_modern_heading.default\">\n\t\t\t\t<div class=\"elementor-widget-container\">\n\t\t\t\t\t<section class=\"aux-widget-modern-heading\">\n            <div class=\"aux-widget-inner\"><h2 class=\"aux-modern-heading-primary\">\u201c<\/h2><div class=\"aux-modern-heading-description\"><p>Arhitektura treba da govori o svom vremenu i mestu, ali \u017eudi za bezvremeno\u0161\u0107u.<\/p><\/div><\/div>\n        <\/section>\t\t\t\t<\/div>\n\t\t\t\t<\/div>\n\t\t\t\t<div class=\"elementor-element elementor-element-65c36c11 aux-appear-watch-animation aux-fade-in-up elementor-widget elementor-widget-aux_modern_heading\" data-id=\"65c36c11\" data-element_type=\"widget\" data-widget_type=\"aux_modern_heading.default\">\n\t\t\t\t<div class=\"elementor-widget-container\">\n\t\t\t\t\t<section class=\"aux-widget-modern-heading\">\n            <div class=\"aux-widget-inner\"><h2 class=\"aux-modern-heading-primary\">Frank Gehry<\/h2><h3 class=\"aux-modern-heading-secondary\"><span class=\"aux-head-before\">ARHITEKT &amp; DIZAJNER<\/span><\/h3><\/div>\n        <\/section>\t\t\t\t<\/div>\n\t\t\t\t<\/div>\n\t\t\t\t\t<\/div>\n\t\t<\/div>\n\t\t\t\t\t<\/div>\n\t\t<\/section>\n\t\t\t\t<section class=\"elementor-section elementor-top-section elementor-element elementor-element-1b9453a elementor-section-content-middle elementor-section-boxed elementor-section-height-default elementor-section-height-default\" data-id=\"1b9453a\" data-element_type=\"section\" data-settings=\"{&quot;background_background&quot;:&quot;classic&quot;}\">\n\t\t\t\t\t\t<div class=\"elementor-container elementor-column-gap-default\">\n\t\t\t\t\t<div class=\"aux-parallax-section elementor-column elementor-col-50 elementor-top-column elementor-element elementor-element-46800144 aux-appear-watch-animation aux-fade-in-left\" data-id=\"46800144\" data-element_type=\"column\">\n\t\t\t<div class=\"elementor-widget-wrap elementor-element-populated\">\n\t\t\t\t\t\t<div class=\"elementor-element elementor-element-6b0f0e96 elementor-widget elementor-widget-aux_image\" data-id=\"6b0f0e96\" data-element_type=\"widget\" data-widget_type=\"aux_image.default\">\n\t\t\t\t<div class=\"elementor-widget-container\">\n\t\t\t\t\t<section class=\"widget-container aux-widget-image aux-alignnone aux-parent-au22551379\">\n    <div class=\"aux-media-hint-frame\">\n        <div class=\"aux-media-image\" >\n        \n                            <div class=\"aux-ribbon-wrapper aux-cross-ribbon top-left\">\n                    <span>PREDSTAVLJENO<\/span>\n                <\/div>\n            \n\n            \n            <img decoding=\"async\" width=\"1037\" height=\"800\" src=\"data:image\/gif;base64,R0lGODlhAQABAIAAAAAAAP\/\/\/yH5BAEAAAAALAAAAAABAAEAAAIBRAA7\" class=\"aux-attachment aux-featured-image aux-attachment-id-568 aux-preload aux-blank\" alt=\"City Arkaden - Austria\" data-ratio=\"1.3\" data-original-w=\"1280\" sizes=\"auto\" data-srcset=\"https:\/\/betulamne.com\/wp-content\/uploads\/2021\/12\/city-arkaden-150x116.jpg 150w,https:\/\/betulamne.com\/wp-content\/uploads\/2021\/12\/city-arkaden-300x231.jpg 300w,https:\/\/betulamne.com\/wp-content\/uploads\/2021\/12\/city-arkaden-768x592.jpg 768w,https:\/\/betulamne.com\/wp-content\/uploads\/2021\/12\/city-arkaden-1024x790.jpg 1024w,https:\/\/betulamne.com\/wp-content\/uploads\/2021\/12\/city-arkaden-1037x800.jpg 1037w\" data-src=\"https:\/\/betulamne.com\/wp-content\/uploads\/2021\/12\/city-arkaden-1037x800.jpg\" \/>            \n                <\/div>\n    <\/div>\n\n<\/section><!-- widget-container -->\t\t\t\t<\/div>\n\t\t\t\t<\/div>\n\t\t\t\t\t<\/div>\n\t\t<\/div>\n\t\t\t\t<div class=\"aux-parallax-section elementor-column elementor-col-50 elementor-top-column elementor-element elementor-element-30d8bdbd\" data-id=\"30d8bdbd\" data-element_type=\"column\">\n\t\t\t<div class=\"elementor-widget-wrap elementor-element-populated\">\n\t\t\t\t\t\t<div class=\"elementor-element elementor-element-46fc4ae1 aux-appear-watch-animation aux-fade-in elementor-widget elementor-widget-aux_modern_heading\" data-id=\"46fc4ae1\" data-element_type=\"widget\" data-widget_type=\"aux_modern_heading.default\">\n\t\t\t\t<div class=\"elementor-widget-container\">\n\t\t\t\t\t<section class=\"aux-widget-modern-heading\">\n            <div class=\"aux-widget-inner\"><h2 class=\"aux-modern-heading-primary\">PREDSTAVLJENI PROJEKAT<\/h2><h3 class=\"aux-modern-heading-secondary\"><span class=\"aux-head-before\">Dizajn Tr\u017enog Centra<\/span><\/h3><div class=\"aux-modern-heading-divider\"><\/div><div class=\"aux-modern-heading-description\"><p><strong>City Arkaden<\/strong><\/p><p>Prvi trgova\u010dki centar u Klagenfurtu, Austrija.<\/p><p>Ugla\u0111en dizajn, savr\u0161eno se uklapa u cjelokupni izgled i osje\u0107aj grada. Mje\u0161avina modernih i tradicionalnih arhitektonskih detalja.<\/p><p>Nudi ukupno 43.000 m\u00b2 maloprodajnog prostora.<\/p><\/div><\/div>\n        <\/section>\t\t\t\t<\/div>\n\t\t\t\t<\/div>\n\t\t\t\t\t<\/div>\n\t\t<\/div>\n\t\t\t\t\t<\/div>\n\t\t<\/section>\n\t\t\t\t<section class=\"elementor-section elementor-top-section elementor-element elementor-element-73e2d548 elementor-section-stretched elementor-section-boxed elementor-section-height-default elementor-section-height-default\" data-id=\"73e2d548\" data-element_type=\"section\" data-settings=\"{&quot;background_background&quot;:&quot;classic&quot;,&quot;stretch_section&quot;:&quot;section-stretched&quot;}\">\n\t\t\t\t\t\t\t<div class=\"elementor-background-overlay\"><\/div>\n\t\t\t\t\t\t\t<div class=\"elementor-container elementor-column-gap-default\">\n\t\t\t\t\t<div class=\"aux-parallax-section elementor-column elementor-col-100 elementor-top-column elementor-element elementor-element-63189864\" data-id=\"63189864\" data-element_type=\"column\">\n\t\t\t<div class=\"elementor-widget-wrap elementor-element-populated\">\n\t\t\t\t\t\t<div class=\"elementor-element elementor-element-49eefbef aux-appear-watch-animation aux-scale-down elementor-widget elementor-widget-aux_modern_heading\" data-id=\"49eefbef\" data-element_type=\"widget\" data-widget_type=\"aux_modern_heading.default\">\n\t\t\t\t<div class=\"elementor-widget-container\">\n\t\t\t\t\t<section class=\"aux-widget-modern-heading\">\n            <div class=\"aux-widget-inner\"><h2 class=\"aux-modern-heading-primary\">Pravimo \u010duda<\/h2><div class=\"aux-modern-heading-description\"><p>Kontaktirajte Betula MNE da opi\u0161ete svoj san i ispri\u010date nam svoju pri\u010du. Po\u0161aljite bilo koju informaciju u vezi.<\/p><p>Prvo \u0107emo vas razumjeti, zatim \u0107emo zamisliti, analizirati, izra\u010dunati, dizajnirati i ponuditi vam najbolje rje\u0161enje za ostvarenje va\u0161eg sna.<\/p><\/div><\/div>\n        <\/section>\t\t\t\t<\/div>\n\t\t\t\t<\/div>\n\t\t\t\t<div class=\"elementor-element elementor-element-5ef324c elementor-widget elementor-widget-aux_modern_button\" data-id=\"5ef324c\" data-element_type=\"widget\" data-widget_type=\"aux_modern_button.default\">\n\t\t\t\t<div class=\"elementor-widget-container\">\n\t\t\t\t\t    <div class=\"aux-modern-button-wrapper aux-modern-button-align-center\" >\n                    <a class=\"aux-modern-button aux-black aux-modern-button-xl aux-modern-button-normal aux-modern-button-default aux-icon-right\" href=\"#\">\n                <div class=\"aux-overlay\"><\/div>\n                                    <div class=\"aux-icon\">\n                        <i aria-hidden=\"true\" class=\"auxicon2 auxicon2-arrow-chevron-small-right\"><\/i>                    <\/div>\n                                <div class=\"aux-text\">\n<span class=\"aux-text-before\">Zapo\u010dnite Novi Projekat<\/span>                <\/div>\n            <\/a>\n            \n    <\/div>\n\n    \t\t\t\t<\/div>\n\t\t\t\t<\/div>\n\t\t\t\t\t<\/div>\n\t\t<\/div>\n\t\t\t\t\t<\/div>\n\t\t<\/section>\n\t\t\t\t<\/div>","protected":false},"excerpt":{"rendered":"<p>About Us ABOUT US Bespoke innovation Betula MNE specializes in the design of houses, offices and shopping centers. Our team is committed to offering the best solutions for each individual client at the highest level of service and quality. We offer architectural design, management, consulting, land development, and technical execution services to our clients. From [&hellip;]<\/p>","protected":false},"author":1,"featured_media":0,"parent":0,"menu_order":0,"comment_status":"closed","ping_status":"closed","template":"templates\/page-builder-content.php","meta":{"inline_featured_image":false,"footnotes":""},"class_list":["post-385","page","type-page","status-publish","hentry"],"yoast_head":"<!-- This site is optimized with the Yoast SEO plugin v21.9 - https:\/\/yoast.com\/wordpress\/plugins\/seo\/ -->\n<title>About Us - Betula MNE<\/title>\n<meta name=\"robots\" content=\"index, follow, max-snippet:-1, max-image-preview:large, max-video-preview:-1\" \/>\n<link rel=\"canonical\" href=\"https:\/\/betulamne.com\/sr\/about-us\/\" \/>\n<meta property=\"og:locale\" content=\"sr_RS\" \/>\n<meta property=\"og:type\" content=\"article\" \/>\n<meta property=\"og:title\" content=\"About Us - Betula MNE\" \/>\n<meta property=\"og:description\" content=\"About Us ABOUT US Bespoke innovation Betula MNE specializes in the design of houses, offices and shopping centers. Our team is committed to offering the best solutions for each individual client at the highest level of service and quality. We offer architectural design, management, consulting, land development, and technical execution services to our clients. From [&hellip;]\" \/>\n<meta property=\"og:url\" content=\"https:\/\/betulamne.com\/sr\/about-us\/\" \/>\n<meta property=\"og:site_name\" content=\"Betula MNE\" \/>\n<meta property=\"article:modified_time\" content=\"2023-10-26T00:16:57+00:00\" \/>\n<meta name=\"twitter:card\" content=\"summary_large_image\" \/>\n<meta name=\"twitter:label1\" content=\"\u041f\u0440\u043e\u0446\u0435\u045a\u0435\u043d\u043e \u0432\u0440\u0435\u043c\u0435 \u0447\u0438\u0442\u0430\u045a\u0430\" \/>\n\t<meta name=\"twitter:data1\" content=\"2 \u043c\u0438\u043d\u0443\u0442\u0430\" \/>\n<script type=\"application\/ld+json\" class=\"yoast-schema-graph\">{\"@context\":\"https:\/\/schema.org\",\"@graph\":[{\"@type\":\"WebPage\",\"@id\":\"https:\/\/betulamne.com\/about-us\/\",\"url\":\"https:\/\/betulamne.com\/about-us\/\",\"name\":\"About Us - Betula MNE\",\"isPartOf\":{\"@id\":\"https:\/\/betulamne.com\/#website\"},\"datePublished\":\"2018-06-19T09:44:17+00:00\",\"dateModified\":\"2023-10-26T00:16:57+00:00\",\"breadcrumb\":{\"@id\":\"https:\/\/betulamne.com\/about-us\/#breadcrumb\"},\"inLanguage\":\"sr-RS\",\"potentialAction\":[{\"@type\":\"ReadAction\",\"target\":[\"https:\/\/betulamne.com\/about-us\/\"]}]},{\"@type\":\"BreadcrumbList\",\"@id\":\"https:\/\/betulamne.com\/about-us\/#breadcrumb\",\"itemListElement\":[{\"@type\":\"ListItem\",\"position\":1,\"name\":\"Home\",\"item\":\"https:\/\/betulamne.com\/\"},{\"@type\":\"ListItem\",\"position\":2,\"name\":\"About Us\"}]},{\"@type\":\"WebSite\",\"@id\":\"https:\/\/betulamne.com\/#website\",\"url\":\"https:\/\/betulamne.com\/\",\"name\":\"Betula MNE\",\"description\":\"Architecture, Development, Consulting, Construction\",\"publisher\":{\"@id\":\"https:\/\/betulamne.com\/#organization\"},\"potentialAction\":[{\"@type\":\"SearchAction\",\"target\":{\"@type\":\"EntryPoint\",\"urlTemplate\":\"https:\/\/betulamne.com\/?s={search_term_string}\"},\"query-input\":\"required name=search_term_string\"}],\"inLanguage\":\"sr-RS\"},{\"@type\":\"Organization\",\"@id\":\"https:\/\/betulamne.com\/#organization\",\"name\":\"Betula MNE\",\"url\":\"https:\/\/betulamne.com\/\",\"logo\":{\"@type\":\"ImageObject\",\"inLanguage\":\"sr-RS\",\"@id\":\"https:\/\/betulamne.com\/#\/schema\/logo\/image\/\",\"url\":\"https:\/\/betulamne.com\/wp-content\/uploads\/2021\/10\/Betula_LOGO.svg\",\"contentUrl\":\"https:\/\/betulamne.com\/wp-content\/uploads\/2021\/10\/Betula_LOGO.svg\",\"width\":100,\"height\":100,\"caption\":\"Betula MNE\"},\"image\":{\"@id\":\"https:\/\/betulamne.com\/#\/schema\/logo\/image\/\"}}]}<\/script>\n<!-- \/ Yoast SEO plugin. -->","yoast_head_json":{"title":"About Us - Betula MNE","robots":{"index":"index","follow":"follow","max-snippet":"max-snippet:-1","max-image-preview":"max-image-preview:large","max-video-preview":"max-video-preview:-1"},"canonical":"https:\/\/betulamne.com\/sr\/about-us\/","og_locale":"sr_RS","og_type":"article","og_title":"About Us - Betula MNE","og_description":"About Us ABOUT US Bespoke innovation Betula MNE specializes in the design of houses, offices and shopping centers. Our team is committed to offering the best solutions for each individual client at the highest level of service and quality. We offer architectural design, management, consulting, land development, and technical execution services to our clients. From [&hellip;]","og_url":"https:\/\/betulamne.com\/sr\/about-us\/","og_site_name":"Betula MNE","article_modified_time":"2023-10-26T00:16:57+00:00","twitter_card":"summary_large_image","twitter_misc":{"\u041f\u0440\u043e\u0446\u0435\u045a\u0435\u043d\u043e \u0432\u0440\u0435\u043c\u0435 \u0447\u0438\u0442\u0430\u045a\u0430":"2 \u043c\u0438\u043d\u0443\u0442\u0430"},"schema":{"@context":"https:\/\/schema.org","@graph":[{"@type":"WebPage","@id":"https:\/\/betulamne.com\/about-us\/","url":"https:\/\/betulamne.com\/about-us\/","name":"About Us - Betula MNE","isPartOf":{"@id":"https:\/\/betulamne.com\/#website"},"datePublished":"2018-06-19T09:44:17+00:00","dateModified":"2023-10-26T00:16:57+00:00","breadcrumb":{"@id":"https:\/\/betulamne.com\/about-us\/#breadcrumb"},"inLanguage":"sr-RS","potentialAction":[{"@type":"ReadAction","target":["https:\/\/betulamne.com\/about-us\/"]}]},{"@type":"BreadcrumbList","@id":"https:\/\/betulamne.com\/about-us\/#breadcrumb","itemListElement":[{"@type":"ListItem","position":1,"name":"Home","item":"https:\/\/betulamne.com\/"},{"@type":"ListItem","position":2,"name":"About Us"}]},{"@type":"WebSite","@id":"https:\/\/betulamne.com\/#website","url":"https:\/\/betulamne.com\/","name":"Betula MNE","description":"Architecture, Development, Consulting, Construction","publisher":{"@id":"https:\/\/betulamne.com\/#organization"},"potentialAction":[{"@type":"SearchAction","target":{"@type":"EntryPoint","urlTemplate":"https:\/\/betulamne.com\/?s={search_term_string}"},"query-input":"required name=search_term_string"}],"inLanguage":"sr-RS"},{"@type":"Organization","@id":"https:\/\/betulamne.com\/#organization","name":"Betula MNE","url":"https:\/\/betulamne.com\/","logo":{"@type":"ImageObject","inLanguage":"sr-RS","@id":"https:\/\/betulamne.com\/#\/schema\/logo\/image\/","url":"https:\/\/betulamne.com\/wp-content\/uploads\/2021\/10\/Betula_LOGO.svg","contentUrl":"https:\/\/betulamne.com\/wp-content\/uploads\/2021\/10\/Betula_LOGO.svg","width":100,"height":100,"caption":"Betula MNE"},"image":{"@id":"https:\/\/betulamne.com\/#\/schema\/logo\/image\/"}}]}},"_links":{"self":[{"href":"https:\/\/betulamne.com\/sr\/wp-json\/wp\/v2\/pages\/385","targetHints":{"allow":["GET"]}}],"collection":[{"href":"https:\/\/betulamne.com\/sr\/wp-json\/wp\/v2\/pages"}],"about":[{"href":"https:\/\/betulamne.com\/sr\/wp-json\/wp\/v2\/types\/page"}],"author":[{"embeddable":true,"href":"https:\/\/betulamne.com\/sr\/wp-json\/wp\/v2\/users\/1"}],"replies":[{"embeddable":true,"href":"https:\/\/betulamne.com\/sr\/wp-json\/wp\/v2\/comments?post=385"}],"version-history":[{"count":42,"href":"https:\/\/betulamne.com\/sr\/wp-json\/wp\/v2\/pages\/385\/revisions"}],"predecessor-version":[{"id":680,"href":"https:\/\/betulamne.com\/sr\/wp-json\/wp\/v2\/pages\/385\/revisions\/680"}],"wp:attachment":[{"href":"https:\/\/betulamne.com\/sr\/wp-json\/wp\/v2\/media?parent=385"}],"curies":[{"name":"wp","href":"https:\/\/api.w.org\/{rel}","templated":true}]}}